{"id":390,"date":"2022-07-11T14:11:28","date_gmt":"2022-07-11T14:11:28","guid":{"rendered":"https:\/\/turkevo.com\/?page_id=390"},"modified":"2022-07-31T14:26:28","modified_gmt":"2022-07-31T14:26:28","slug":"turkevo-sourcing-facile-depuis-la-turquie-tasnim-labidi","status":"publish","type":"page","link":"https:\/\/turkevo.com\/fr\/","title":{"rendered":"Turkevo : Sourcing facile depuis la Turquie >> Tasnim Labidi <<"},"content":{"rendered":"<div class=\"wpb-content-wrapper\"><p>[vc_row][vc_column]<div class=\" bs-listing bs-listing-slider-1 bs-listing-single-tab\">\t<div class=\"bs-shortcode bs-slider bs-slider-1 clearfix \">\n\n\t\t<div class=\"better-slider\" id=\"slider-1154050344\"\n\t\t     data-slideshowSpeed=\"7000\"\n\t\t     data-animation=\"fade\"\n\t\t     data-controlNav=\"0\"\n\t\t     data-animationSpeed=\"600\">\n\t\t\t<ul class=\"slides\">\n\t\t\t\t\t\t\t\t\t<li class=\"slide bs-slider-item bs-slider-1-item main-term-7 has-post-thumbnail\">\n\t\t\t\t\t\t<div class=\"item-content\">\n\n\t\t\t\t\t\t\t<a class=\"img-cont\" href=\"https:\/\/turkevo.com\/fr\/choisir-turkevo-pour-vos-achats-en-turquie\/\"\n\t\t\t\t\t\t\t   style=\"background-image: url('https:\/\/turkevo.com\/wp-content\/uploads\/2022\/07\/istanbul-1130x580.jpg')\"><\/a>\n\t\t\t\t\t\t\t\t\t\t\t\t\t\t<div class=\"content-container\">\n\t\t\t\t\t\t\t\t<h3 class=\"title\">\t\t\t\t\t\t\t\t<a class=\"post-url post-title\" href=\"https:\/\/turkevo.com\/fr\/choisir-turkevo-pour-vos-achats-en-turquie\/\">\n\t\t\t\t\t\t\t\t\tPourquoi choisir TURKEVO pour vos achats en Turquie ?\t\t\t\t\t\t\t\t<\/a>\n\t\t\t\t\t\t\t\t<\/h3>\t\t\t\t\t\t\t<\/div>\n\t\t\t\t\t\t<\/div>\n\t\t\t\t\t<\/li>\n\t\t\t\t\t\t\t\t<\/ul>\n\t\t<\/div>\n\t<\/div>\n<\/div>[\/vc_column][\/vc_row][vc_row][vc_column][vc_message message_box_color=\u00a0\u00bbblue\u00a0\u00bb icon_fontawesome=\u00a0\u00bbfar fa-hand-point-right\u00a0\u00bb]<\/p>\n<p style=\"text-align: center;\">Nous sommes l\u00e0 pour vous aider et vous aider \u00e0 acheter en toute s\u00e9curit\u00e9 des produits d&rsquo;excellente qualit\u00e9 en provenance de Turquie.<\/p>\n<div id=\"gtx-trans\" style=\"position: absolute; left: 254px; top: -19px;\">\n<div class=\"gtx-trans-icon\"><\/div>\n<\/div>\n<p>[\/vc_message][\/vc_column][\/vc_row][vc_row][vc_column]<div class=\"bscb-73657 bsb-have-heading-color bs-listing bs-listing-listing-classic-2 bs-listing-single-tab\">\t\t<h3 class=\"section-heading sh-t3 sh-s7 main-term-4\">\n\n\t\t\n\t\t\t\t\t\t\t<a href=\"https:\/\/turkevo.com\/service\/\" class=\"main-link\">\n\t\t\t\t\t\t\t<span class=\"h-text main-term-4\">\n\t\t\t\t\t\t\t\tNos services\t\t\t\t\t\t\t<\/span>\n\t\t\t\t<\/a>\n\t\t\t\n\t\t\n\t\t<\/h3>\n\t\t\t<div class=\"listing listing-classic listing-classic-2 clearfix  columns-3\">\n\t\t<article class=\"post-279 type-post format-standard has-post-thumbnail   listing-item listing-item-classic listing-item-classic-2  main-term-25 bsw-5 \">\n\t<div class=\"listing-inner item-inner\">\n\t\t\t\t\t<div class=\"featured clearfix\">\n\t\t\t\t\t\t\t\t<a  title=\"Sourcing et achat depuis la Turquie\" data-src=\"https:\/\/turkevo.com\/wp-content\/uploads\/2022\/07\/achat-750x430.jpg\" data-bs-srcset=\"{&quot;baseurl&quot;:&quot;https:\\\/\\\/turkevo.com\\\/wp-content\\\/uploads\\\/2022\\\/07\\\/&quot;,&quot;sizes&quot;:{&quot;210&quot;:&quot;achat-210x136.jpg&quot;,&quot;279&quot;:&quot;achat-279x220.jpg&quot;,&quot;357&quot;:&quot;achat-357x210.jpg&quot;,&quot;750&quot;:&quot;achat-750x430.jpg&quot;,&quot;1920&quot;:&quot;achat.jpg&quot;}}\"\t\t\t\t\t\tclass=\"img-holder\" href=\"https:\/\/turkevo.com\/fr\/sourcing-et-achat-depuis-la-turquie\/\"><\/a>\n\t\t\t\t\t\t\t<\/div>\n\t\t<h2 class=\"title\">\t\t<a href=\"https:\/\/turkevo.com\/fr\/sourcing-et-achat-depuis-la-turquie\/\" class=\"post-title post-url\">\n\t\t\tSourcing et achat depuis la Turquie\t\t<\/a>\n\t\t<\/h2>\t\t\t\t\t<div class=\"post-summary\">\n\t\t\t\tNous achetons des mati\u00e8res premi\u00e8res, des produits semi-finis et finis \u00e0 des prix comp\u00e9titifs\t\t\t<\/div>\n\t\t\t\t\t<a class=\"read-more\"\n\t\t\t   href=\"https:\/\/turkevo.com\/fr\/sourcing-et-achat-depuis-la-turquie\/\">Lire la suite...<\/a>\n\t\t\t\t<\/div>\n\t<\/article >\n\t<article class=\"post-273 type-post format-standard has-post-thumbnail   listing-item listing-item-classic listing-item-classic-2  main-term-25 bsw-5 \">\n\t<div class=\"listing-inner item-inner\">\n\t\t\t\t\t<div class=\"featured clearfix\">\n\t\t\t\t\t\t\t\t<a  title=\"Management de la qualit\u00e9 des produits\" data-src=\"https:\/\/turkevo.com\/wp-content\/uploads\/2022\/07\/control-750x430.jpg\" data-bs-srcset=\"{&quot;baseurl&quot;:&quot;https:\\\/\\\/turkevo.com\\\/wp-content\\\/uploads\\\/2022\\\/07\\\/&quot;,&quot;sizes&quot;:{&quot;210&quot;:&quot;control-210x136.jpg&quot;,&quot;279&quot;:&quot;control-279x220.jpg&quot;,&quot;357&quot;:&quot;control-357x210.jpg&quot;,&quot;750&quot;:&quot;control-750x430.jpg&quot;,&quot;1920&quot;:&quot;control.jpg&quot;}}\"\t\t\t\t\t\tclass=\"img-holder\" href=\"https:\/\/turkevo.com\/fr\/management-de-la-qualite-des-produits\/\"><\/a>\n\t\t\t\t\t\t\t<\/div>\n\t\t<h2 class=\"title\">\t\t<a href=\"https:\/\/turkevo.com\/fr\/management-de-la-qualite-des-produits\/\" class=\"post-title post-url\">\n\t\t\tManagement de la qualit\u00e9 des produits\t\t<\/a>\n\t\t<\/h2>\t\t\t\t\t<div class=\"post-summary\">\n\t\t\t\tGr\u00e2ce \u00e0 notre syst\u00e8me de surveillance, nous veillons \u00e0 ce que vos sp\u00e9cifications requises soient&hellip;\t\t\t<\/div>\n\t\t\t\t\t<a class=\"read-more\"\n\t\t\t   href=\"https:\/\/turkevo.com\/fr\/management-de-la-qualite-des-produits\/\">Lire la suite...<\/a>\n\t\t\t\t<\/div>\n\t<\/article >\n\t<article class=\"post-266 type-post format-standard has-post-thumbnail   listing-item listing-item-classic listing-item-classic-2  main-term-25 bsw-5 \">\n\t<div class=\"listing-inner item-inner\">\n\t\t\t\t\t<div class=\"featured clearfix\">\n\t\t\t\t\t\t\t\t<a  title=\"Exp\u00e9dition et exportation depuis la Turquie\" data-src=\"https:\/\/turkevo.com\/wp-content\/uploads\/2022\/07\/Shipping-750x430.jpg\" data-bs-srcset=\"{&quot;baseurl&quot;:&quot;https:\\\/\\\/turkevo.com\\\/wp-content\\\/uploads\\\/2022\\\/07\\\/&quot;,&quot;sizes&quot;:{&quot;210&quot;:&quot;Shipping-210x136.jpg&quot;,&quot;279&quot;:&quot;Shipping-279x220.jpg&quot;,&quot;357&quot;:&quot;Shipping-357x210.jpg&quot;,&quot;750&quot;:&quot;Shipping-750x430.jpg&quot;,&quot;1920&quot;:&quot;Shipping.jpg&quot;}}\"\t\t\t\t\t\tclass=\"img-holder\" href=\"https:\/\/turkevo.com\/fr\/expedition-et-exportation-depuis-la-turquie\/\"><\/a>\n\t\t\t\t\t\t\t<\/div>\n\t\t<h2 class=\"title\">\t\t<a href=\"https:\/\/turkevo.com\/fr\/expedition-et-exportation-depuis-la-turquie\/\" class=\"post-title post-url\">\n\t\t\tExp\u00e9dition et exportation depuis la Turquie\t\t<\/a>\n\t\t<\/h2>\t\t\t\t\t<div class=\"post-summary\">\n\t\t\t\tNous prenons les dispositions n\u00e9cessaires pour exp\u00e9dier et exporter vos produits par voie terrestre,&hellip;\t\t\t<\/div>\n\t\t\t\t\t<a class=\"read-more\"\n\t\t\t   href=\"https:\/\/turkevo.com\/fr\/expedition-et-exportation-depuis-la-turquie\/\">Lire la suite...<\/a>\n\t\t\t\t<\/div>\n\t<\/article >\n\t<\/div>\n\t<\/div>[\/vc_column][\/vc_row][vc_row][vc_column]<div class=\"bscb-22851 bsb-have-heading-color bs-listing bs-listing-modern-grid-listing-6 bs-listing-single-tab\">\t\t<h3 class=\"section-heading sh-t3 sh-s7 main-term-5\">\n\n\t\t\n\t\t\t\t\t\t\t<a href=\"https:\/\/turkevo.com\/products\/\" class=\"main-link\">\n\t\t\t\t\t\t\t<span class=\"h-text main-term-5\">\n\t\t\t\t\t\t\t\tNos produits\t\t\t\t\t\t\t<\/span>\n\t\t\t\t<\/a>\n\t\t\t\n\t\t\n\t\t<\/h3>\n\t\t\t<div class=\"listing listing-modern-grid listing-modern-grid-6 clearfix slider-overlay-simple-gr bsw-13\">\n\t\t\t\t<div class=\"mg-col mg-col-1\">\n\t\t\t\t<article class=\"post-235 type-post format-standard has-post-thumbnail  listing-item-1 listing-item listing-mg-item listing-mg-6-item listing-mg-type-1 main-term-22\">\n\t<div class=\"item-content\">\n\t\t<a  title=\"Approvisionnement en produits d&rsquo;ustensiles de cuisine en Turquie\" data-src=\"https:\/\/turkevo.com\/wp-content\/uploads\/2022\/07\/kit-750x430.webp\" data-bs-srcset=\"{&quot;baseurl&quot;:&quot;https:\\\/\\\/turkevo.com\\\/wp-content\\\/uploads\\\/2022\\\/07\\\/&quot;,&quot;sizes&quot;:{&quot;210&quot;:&quot;kit-210x136.webp&quot;,&quot;279&quot;:&quot;kit-279x220.webp&quot;,&quot;357&quot;:&quot;kit-357x210.webp&quot;,&quot;750&quot;:&quot;kit-750x430.webp&quot;,&quot;1512&quot;:&quot;kit.webp&quot;}}\"\t\t\t\tclass=\"img-cont\" href=\"https:\/\/turkevo.com\/fr\/approvisionnement-en-produits-dustensiles-de-cuisine-en-turquie\/\"><\/a>\n\t\t\t\t<div class=\"content-container\">\n\t\t\t<h2 class=\"title\">\t\t\t<a href=\"https:\/\/turkevo.com\/fr\/approvisionnement-en-produits-dustensiles-de-cuisine-en-turquie\/\" class=\"post-url post-title\">\n\t\t\t\tApprovisionnement en produits d&rsquo;ustensiles de cuisine en Turquie\t\t\t<\/a>\n\t\t\t<\/h2>\t\t<\/div>\n\t<\/div>\n\t<\/article >\n\t<article class=\"post-242 type-post format-standard has-post-thumbnail  listing-item-1 listing-item listing-mg-item listing-mg-6-item listing-mg-type-1 main-term-22\">\n\t<div class=\"item-content\">\n\t\t<a  title=\"Approvisionnement en peinture et en produit de rev\u00eatement de Turquie\" data-src=\"https:\/\/turkevo.com\/wp-content\/uploads\/2022\/07\/paint-750x430.jpg\" data-bs-srcset=\"{&quot;baseurl&quot;:&quot;https:\\\/\\\/turkevo.com\\\/wp-content\\\/uploads\\\/2022\\\/07\\\/&quot;,&quot;sizes&quot;:{&quot;210&quot;:&quot;paint-210x136.jpg&quot;,&quot;279&quot;:&quot;paint-279x220.jpg&quot;,&quot;357&quot;:&quot;paint-357x210.jpg&quot;,&quot;750&quot;:&quot;paint-750x430.jpg&quot;,&quot;1536&quot;:&quot;paint.jpg&quot;}}\"\t\t\t\tclass=\"img-cont\" href=\"https:\/\/turkevo.com\/fr\/approvisionnement-en-peinture-et-en-produit-de-revetement-de-turquie\/\"><\/a>\n\t\t\t\t<div class=\"content-container\">\n\t\t\t<h2 class=\"title\">\t\t\t<a href=\"https:\/\/turkevo.com\/fr\/approvisionnement-en-peinture-et-en-produit-de-revetement-de-turquie\/\" class=\"post-url post-title\">\n\t\t\t\tApprovisionnement en peinture et en produit de rev\u00eatement de Turquie\t\t\t<\/a>\n\t\t\t<\/h2>\t\t<\/div>\n\t<\/div>\n\t<\/article >\n\t\t<\/div>\n\t\t<div class=\"mg-col mg-col-2\">\n\t\t\t\t<article class=\"post-240 type-post format-standard has-post-thumbnail  listing-item-2 listing-item listing-mg-item listing-mg-6-item listing-mg-type-1 main-term-22\">\n\t<div class=\"item-content\">\n\t\t<a  title=\"Approvisionnement et achat d&#8217;emballages en Turquie\" data-src=\"https:\/\/turkevo.com\/wp-content\/uploads\/2022\/07\/Packaging-1-750x430.jpg\" data-bs-srcset=\"{&quot;baseurl&quot;:&quot;https:\\\/\\\/turkevo.com\\\/wp-content\\\/uploads\\\/2022\\\/07\\\/&quot;,&quot;sizes&quot;:{&quot;210&quot;:&quot;Packaging-1-210x136.jpg&quot;,&quot;279&quot;:&quot;Packaging-1-279x220.jpg&quot;,&quot;357&quot;:&quot;Packaging-1-357x210.jpg&quot;,&quot;750&quot;:&quot;Packaging-1-750x430.jpg&quot;,&quot;2500&quot;:&quot;Packaging-1.jpg&quot;}}\"\t\t\t\tclass=\"img-cont\" href=\"https:\/\/turkevo.com\/fr\/approvisionnement-et-achat-demballages-en-turquie\/\"><\/a>\n\t\t\t\t<div class=\"content-container\">\n\t\t\t<h2 class=\"title\">\t\t\t<a href=\"https:\/\/turkevo.com\/fr\/approvisionnement-et-achat-demballages-en-turquie\/\" class=\"post-url post-title\">\n\t\t\t\tApprovisionnement et achat d&#8217;emballages en Turquie\t\t\t<\/a>\n\t\t\t<\/h2>\t\t<\/div>\n\t<\/div>\n\t<\/article >\n\t<article class=\"post-246 type-post format-standard has-post-thumbnail  listing-item-2 listing-item listing-mg-item listing-mg-6-item listing-mg-type-1 main-term-22\">\n\t<div class=\"item-content\">\n\t\t<a  title=\"Approvisionnement et achat de machines en Turquie\" data-src=\"https:\/\/turkevo.com\/wp-content\/uploads\/2022\/07\/Machinery-750x430.jpg\" data-bs-srcset=\"{&quot;baseurl&quot;:&quot;https:\\\/\\\/turkevo.com\\\/wp-content\\\/uploads\\\/2022\\\/07\\\/&quot;,&quot;sizes&quot;:{&quot;210&quot;:&quot;Machinery-210x136.jpg&quot;,&quot;279&quot;:&quot;Machinery-279x220.jpg&quot;,&quot;357&quot;:&quot;Machinery-357x210.jpg&quot;,&quot;750&quot;:&quot;Machinery-750x430.jpg&quot;,&quot;1920&quot;:&quot;Machinery.jpg&quot;}}\"\t\t\t\tclass=\"img-cont\" href=\"https:\/\/turkevo.com\/fr\/approvisionnement-et-achat-de-machines-en-turquie\/\"><\/a>\n\t\t\t\t<div class=\"content-container\">\n\t\t\t<h2 class=\"title\">\t\t\t<a href=\"https:\/\/turkevo.com\/fr\/approvisionnement-et-achat-de-machines-en-turquie\/\" class=\"post-url post-title\">\n\t\t\t\tApprovisionnement et achat de machines en Turquie\t\t\t<\/a>\n\t\t\t<\/h2>\t\t<\/div>\n\t<\/div>\n\t<\/article >\n\t\t<\/div>\n\t<\/div>\n<\/div>[\/vc_column][\/vc_row]<\/p>\n<\/div>","protected":false},"excerpt":{"rendered":"<p>[vc_row][vc_column][\/vc_column][\/vc_row][vc_row][vc_column][vc_message message_box_color=\u00a0\u00bbblue\u00a0\u00bb icon_fontawesome=\u00a0\u00bbfar fa-hand-point-right\u00a0\u00bb] Nous sommes l\u00e0 pour vous aider et vous aider \u00e0 acheter en toute s\u00e9curit\u00e9 des produits d&rsquo;excellente qualit\u00e9 en provenance de Turquie. [\/vc_message][\/vc_column][\/vc_row][vc_row][vc_column][\/vc_column][\/vc_row][vc_row][vc_column][\/vc_column][\/vc_row]<\/p>\n","protected":false},"author":1,"featured_media":373,"parent":0,"menu_order":0,"comment_status":"closed","ping_status":"closed","template":"","meta":{"footnotes":""},"class_list":["post-390","page","type-page","status-publish","has-post-thumbnail","hentry"],"yoast_head":"<!-- This site is optimized with the Yoast SEO plugin v27.5 - https:\/\/yoast.com\/product\/yoast-seo-wordpress\/ -->\n<title>Turkevo : Sourcing facile depuis la Turquie &gt;&gt; Tasnim Labidi &lt;&lt;<\/title>\n<meta name=\"description\" content=\"Turkevo - Approvisionnement s\u00fbr et facile depuis la Turquie. Le moyen le plus simple d&#039;acheter des produits et des machines en Turquie en toute tranquillit\u00e9.\" \/>\n<meta name=\"robots\" content=\"index, follow, max-snippet:-1, max-image-preview:large, max-video-preview:-1\" \/>\n<link rel=\"canonical\" href=\"https:\/\/turkevo.com\/fr\/\" \/>\n<meta property=\"og:locale\" content=\"fr_FR\" \/>\n<meta property=\"og:type\" content=\"article\" \/>\n<meta property=\"og:title\" content=\"Turkevo : Sourcing facile depuis la Turquie &gt;&gt; Tasnim Labidi &lt;&lt;\" \/>\n<meta property=\"og:description\" content=\"Turkevo - Approvisionnement s\u00fbr et facile depuis la Turquie. Le moyen le plus simple d&#039;acheter des produits et des machines en Turquie en toute tranquillit\u00e9.\" \/>\n<meta property=\"og:url\" content=\"https:\/\/turkevo.com\/fr\/\" \/>\n<meta property=\"og:site_name\" content=\"Turkevo\" \/>\n<meta property=\"article:modified_time\" content=\"2022-07-31T14:26:28+00:00\" \/>\n<meta property=\"og:image\" content=\"http:\/\/turkevo.com\/wp-content\/uploads\/2022\/07\/Turkevo-Sourcing-facile-depuis-la-Turquie-Tasnim-Labidi.png\" \/>\n\t<meta property=\"og:image:width\" content=\"1920\" \/>\n\t<meta property=\"og:image:height\" content=\"1080\" \/>\n\t<meta property=\"og:image:type\" content=\"image\/png\" \/>\n<meta name=\"twitter:card\" content=\"summary_large_image\" \/>\n<meta name=\"twitter:label1\" content=\"Dur\u00e9e de lecture estim\u00e9e\" \/>\n\t<meta name=\"twitter:data1\" content=\"1 minute\" \/>\n<script type=\"application\/ld+json\" class=\"yoast-schema-graph\">{\"@context\":\"https:\\\/\\\/schema.org\",\"@graph\":[{\"@type\":\"WebPage\",\"@id\":\"https:\\\/\\\/turkevo.com\\\/fr\\\/\",\"url\":\"https:\\\/\\\/turkevo.com\\\/fr\\\/\",\"name\":\"Turkevo : Sourcing facile depuis la Turquie >> Tasnim Labidi &lt;&lt;\",\"isPartOf\":{\"@id\":\"https:\\\/\\\/turkevo.com\\\/fr\\\/#website\"},\"primaryImageOfPage\":{\"@id\":\"https:\\\/\\\/turkevo.com\\\/fr\\\/#primaryimage\"},\"image\":{\"@id\":\"https:\\\/\\\/turkevo.com\\\/fr\\\/#primaryimage\"},\"thumbnailUrl\":\"https:\\\/\\\/turkevo.com\\\/wp-content\\\/uploads\\\/2022\\\/07\\\/Turkevo-Sourcing-facile-depuis-la-Turquie-Tasnim-Labidi.png\",\"datePublished\":\"2022-07-11T14:11:28+00:00\",\"dateModified\":\"2022-07-31T14:26:28+00:00\",\"description\":\"Turkevo - Approvisionnement s\u00fbr et facile depuis la Turquie. Le moyen le plus simple d'acheter des produits et des machines en Turquie en toute tranquillit\u00e9.\",\"breadcrumb\":{\"@id\":\"https:\\\/\\\/turkevo.com\\\/fr\\\/#breadcrumb\"},\"inLanguage\":\"fr-FR\",\"potentialAction\":[{\"@type\":\"ReadAction\",\"target\":[\"https:\\\/\\\/turkevo.com\\\/fr\\\/\"]}]},{\"@type\":\"ImageObject\",\"inLanguage\":\"fr-FR\",\"@id\":\"https:\\\/\\\/turkevo.com\\\/fr\\\/#primaryimage\",\"url\":\"https:\\\/\\\/turkevo.com\\\/wp-content\\\/uploads\\\/2022\\\/07\\\/Turkevo-Sourcing-facile-depuis-la-Turquie-Tasnim-Labidi.png\",\"contentUrl\":\"https:\\\/\\\/turkevo.com\\\/wp-content\\\/uploads\\\/2022\\\/07\\\/Turkevo-Sourcing-facile-depuis-la-Turquie-Tasnim-Labidi.png\",\"width\":1920,\"height\":1080,\"caption\":\"Turkevo - Sourcing facile depuis la Turquie - Tasnim Labidi\"},{\"@type\":\"BreadcrumbList\",\"@id\":\"https:\\\/\\\/turkevo.com\\\/fr\\\/#breadcrumb\",\"itemListElement\":[{\"@type\":\"ListItem\",\"position\":1,\"name\":\"Home\",\"item\":\"https:\\\/\\\/turkevo.com\\\/fr\\\/\"},{\"@type\":\"ListItem\",\"position\":2,\"name\":\"Turkevo : Sourcing facile depuis la Turquie >> Tasnim Labidi\"}]},{\"@type\":\"WebSite\",\"@id\":\"https:\\\/\\\/turkevo.com\\\/fr\\\/#website\",\"url\":\"https:\\\/\\\/turkevo.com\\\/fr\\\/\",\"name\":\"Turkevo\",\"description\":\"Easy sourcing from Turkey &gt;&gt; Tasnim Laabidi\",\"publisher\":{\"@id\":\"https:\\\/\\\/turkevo.com\\\/fr\\\/#organization\"},\"potentialAction\":[{\"@type\":\"SearchAction\",\"target\":{\"@type\":\"EntryPoint\",\"urlTemplate\":\"https:\\\/\\\/turkevo.com\\\/fr\\\/?s={search_term_string}\"},\"query-input\":{\"@type\":\"PropertyValueSpecification\",\"valueRequired\":true,\"valueName\":\"search_term_string\"}}],\"inLanguage\":\"fr-FR\"},{\"@type\":\"Organization\",\"@id\":\"https:\\\/\\\/turkevo.com\\\/fr\\\/#organization\",\"name\":\"Turkevo\",\"url\":\"https:\\\/\\\/turkevo.com\\\/fr\\\/\",\"logo\":{\"@type\":\"ImageObject\",\"inLanguage\":\"fr-FR\",\"@id\":\"https:\\\/\\\/turkevo.com\\\/fr\\\/#\\\/schema\\\/logo\\\/image\\\/\",\"url\":\"https:\\\/\\\/turkevo.com\\\/wp-content\\\/uploads\\\/2022\\\/07\\\/Favicon-Turkevo.png\",\"contentUrl\":\"https:\\\/\\\/turkevo.com\\\/wp-content\\\/uploads\\\/2022\\\/07\\\/Favicon-Turkevo.png\",\"width\":512,\"height\":512,\"caption\":\"Turkevo\"},\"image\":{\"@id\":\"https:\\\/\\\/turkevo.com\\\/fr\\\/#\\\/schema\\\/logo\\\/image\\\/\"}}]}<\/script>\n<!-- \/ Yoast SEO plugin. -->","yoast_head_json":{"title":"Turkevo : Sourcing facile depuis la Turquie >> Tasnim Labidi &lt;&lt;","description":"Turkevo - Approvisionnement s\u00fbr et facile depuis la Turquie. Le moyen le plus simple d'acheter des produits et des machines en Turquie en toute tranquillit\u00e9.","robots":{"index":"index","follow":"follow","max-snippet":"max-snippet:-1","max-image-preview":"max-image-preview:large","max-video-preview":"max-video-preview:-1"},"canonical":"https:\/\/turkevo.com\/fr\/","og_locale":"fr_FR","og_type":"article","og_title":"Turkevo : Sourcing facile depuis la Turquie >> Tasnim Labidi &lt;&lt;","og_description":"Turkevo - Approvisionnement s\u00fbr et facile depuis la Turquie. Le moyen le plus simple d'acheter des produits et des machines en Turquie en toute tranquillit\u00e9.","og_url":"https:\/\/turkevo.com\/fr\/","og_site_name":"Turkevo","article_modified_time":"2022-07-31T14:26:28+00:00","og_image":[{"width":1920,"height":1080,"url":"http:\/\/turkevo.com\/wp-content\/uploads\/2022\/07\/Turkevo-Sourcing-facile-depuis-la-Turquie-Tasnim-Labidi.png","type":"image\/png"}],"twitter_card":"summary_large_image","twitter_misc":{"Dur\u00e9e de lecture estim\u00e9e":"1 minute"},"schema":{"@context":"https:\/\/schema.org","@graph":[{"@type":"WebPage","@id":"https:\/\/turkevo.com\/fr\/","url":"https:\/\/turkevo.com\/fr\/","name":"Turkevo : Sourcing facile depuis la Turquie >> Tasnim Labidi &lt;&lt;","isPartOf":{"@id":"https:\/\/turkevo.com\/fr\/#website"},"primaryImageOfPage":{"@id":"https:\/\/turkevo.com\/fr\/#primaryimage"},"image":{"@id":"https:\/\/turkevo.com\/fr\/#primaryimage"},"thumbnailUrl":"https:\/\/turkevo.com\/wp-content\/uploads\/2022\/07\/Turkevo-Sourcing-facile-depuis-la-Turquie-Tasnim-Labidi.png","datePublished":"2022-07-11T14:11:28+00:00","dateModified":"2022-07-31T14:26:28+00:00","description":"Turkevo - Approvisionnement s\u00fbr et facile depuis la Turquie. Le moyen le plus simple d'acheter des produits et des machines en Turquie en toute tranquillit\u00e9.","breadcrumb":{"@id":"https:\/\/turkevo.com\/fr\/#breadcrumb"},"inLanguage":"fr-FR","potentialAction":[{"@type":"ReadAction","target":["https:\/\/turkevo.com\/fr\/"]}]},{"@type":"ImageObject","inLanguage":"fr-FR","@id":"https:\/\/turkevo.com\/fr\/#primaryimage","url":"https:\/\/turkevo.com\/wp-content\/uploads\/2022\/07\/Turkevo-Sourcing-facile-depuis-la-Turquie-Tasnim-Labidi.png","contentUrl":"https:\/\/turkevo.com\/wp-content\/uploads\/2022\/07\/Turkevo-Sourcing-facile-depuis-la-Turquie-Tasnim-Labidi.png","width":1920,"height":1080,"caption":"Turkevo - Sourcing facile depuis la Turquie - Tasnim Labidi"},{"@type":"BreadcrumbList","@id":"https:\/\/turkevo.com\/fr\/#breadcrumb","itemListElement":[{"@type":"ListItem","position":1,"name":"Home","item":"https:\/\/turkevo.com\/fr\/"},{"@type":"ListItem","position":2,"name":"Turkevo : Sourcing facile depuis la Turquie >> Tasnim Labidi"}]},{"@type":"WebSite","@id":"https:\/\/turkevo.com\/fr\/#website","url":"https:\/\/turkevo.com\/fr\/","name":"Turkevo","description":"Easy sourcing from Turkey &gt;&gt; Tasnim Laabidi","publisher":{"@id":"https:\/\/turkevo.com\/fr\/#organization"},"potentialAction":[{"@type":"SearchAction","target":{"@type":"EntryPoint","urlTemplate":"https:\/\/turkevo.com\/fr\/?s={search_term_string}"},"query-input":{"@type":"PropertyValueSpecification","valueRequired":true,"valueName":"search_term_string"}}],"inLanguage":"fr-FR"},{"@type":"Organization","@id":"https:\/\/turkevo.com\/fr\/#organization","name":"Turkevo","url":"https:\/\/turkevo.com\/fr\/","logo":{"@type":"ImageObject","inLanguage":"fr-FR","@id":"https:\/\/turkevo.com\/fr\/#\/schema\/logo\/image\/","url":"https:\/\/turkevo.com\/wp-content\/uploads\/2022\/07\/Favicon-Turkevo.png","contentUrl":"https:\/\/turkevo.com\/wp-content\/uploads\/2022\/07\/Favicon-Turkevo.png","width":512,"height":512,"caption":"Turkevo"},"image":{"@id":"https:\/\/turkevo.com\/fr\/#\/schema\/logo\/image\/"}}]}},"jetpack_sharing_enabled":true,"_links":{"self":[{"href":"https:\/\/turkevo.com\/fr\/wp-json\/wp\/v2\/pages\/390","targetHints":{"allow":["GET"]}}],"collection":[{"href":"https:\/\/turkevo.com\/fr\/wp-json\/wp\/v2\/pages"}],"about":[{"href":"https:\/\/turkevo.com\/fr\/wp-json\/wp\/v2\/types\/page"}],"author":[{"embeddable":true,"href":"https:\/\/turkevo.com\/fr\/wp-json\/wp\/v2\/users\/1"}],"replies":[{"embeddable":true,"href":"https:\/\/turkevo.com\/fr\/wp-json\/wp\/v2\/comments?post=390"}],"version-history":[{"count":0,"href":"https:\/\/turkevo.com\/fr\/wp-json\/wp\/v2\/pages\/390\/revisions"}],"wp:featuredmedia":[{"embeddable":true,"href":"https:\/\/turkevo.com\/fr\/wp-json\/wp\/v2\/media\/373"}],"wp:attachment":[{"href":"https:\/\/turkevo.com\/fr\/wp-json\/wp\/v2\/media?parent=390"}],"curies":[{"name":"wp","href":"https:\/\/api.w.org\/{rel}","templated":true}]}}