{"id":393,"date":"2022-07-11T14:11:28","date_gmt":"2022-07-11T14:11:28","guid":{"rendered":"https:\/\/turkevo.com\/?page_id=393"},"modified":"2022-07-31T14:30:31","modified_gmt":"2022-07-31T14:30:31","slug":"turkevo-turkiyeden-kolay-tedarik-tasnim-labidi","status":"publish","type":"page","link":"https:\/\/turkevo.com\/tr\/","title":{"rendered":"Turkevo : T\u00fcrkiye&#8217;den kolay tedarik >> Tasnim Labidi <<"},"content":{"rendered":"<div class=\"wpb-content-wrapper\"><p>[vc_row][vc_column]<div class=\" bs-listing bs-listing-slider-1 bs-listing-single-tab\">\t<div class=\"bs-shortcode bs-slider bs-slider-1 clearfix \">\n\n\t\t<div class=\"better-slider\" id=\"slider-1124931403\"\n\t\t     data-slideshowSpeed=\"7000\"\n\t\t     data-animation=\"fade\"\n\t\t     data-controlNav=\"0\"\n\t\t     data-animationSpeed=\"600\">\n\t\t\t<ul class=\"slides\">\n\t\t\t\t\t\t\t\t\t<li class=\"slide bs-slider-item bs-slider-1-item main-term-9 has-post-thumbnail\">\n\t\t\t\t\t\t<div class=\"item-content\">\n\n\t\t\t\t\t\t\t<a class=\"img-cont\" href=\"https:\/\/turkevo.com\/tr\/turkiyede-kaynak-kullanimi-icin-neden-turkevoyu-secmelisiniz\/\"\n\t\t\t\t\t\t\t   style=\"background-image: url('https:\/\/turkevo.com\/wp-content\/uploads\/2022\/07\/istanbul-1130x580.jpg')\"><\/a>\n\t\t\t\t\t\t\t\t\t\t\t\t\t\t<div class=\"content-container\">\n\t\t\t\t\t\t\t\t<h3 class=\"title\">\t\t\t\t\t\t\t\t<a class=\"post-url post-title\" href=\"https:\/\/turkevo.com\/tr\/turkiyede-kaynak-kullanimi-icin-neden-turkevoyu-secmelisiniz\/\">\n\t\t\t\t\t\t\t\t\tNeden TURKEVO&#8217;yu se\u00e7melisiniz\t\t\t\t\t\t\t\t<\/a>\n\t\t\t\t\t\t\t\t<\/h3>\t\t\t\t\t\t\t<\/div>\n\t\t\t\t\t\t<\/div>\n\t\t\t\t\t<\/li>\n\t\t\t\t\t\t\t\t<\/ul>\n\t\t<\/div>\n\t<\/div>\n<\/div>[\/vc_column][\/vc_row][vc_row][vc_column][vc_message message_box_color=&#8221;blue&#8221; icon_fontawesome=&#8221;far fa-hand-point-right&#8221;]<\/p>\n<p style=\"text-align: center;\">T\u00fcrkiye&#8217;den m\u00fckemmel kalitede \u00fcr\u00fcnleri g\u00fcvenle sat\u0131n alman\u0131za yard\u0131mc\u0131 olmak i\u00e7in buraday\u0131z.<\/p>\n<div id=\"gtx-trans\" style=\"position: absolute; left: 214px; top: 54px;\">\n<div class=\"gtx-trans-icon\"><\/div>\n<\/div>\n<p>[\/vc_message][\/vc_column][\/vc_row][vc_row][vc_column]<div class=\"bscb-40279 bsb-have-heading-color bs-listing bs-listing-listing-classic-2 bs-listing-single-tab\">\t\t<h3 class=\"section-heading sh-t3 sh-s7 main-term-4\">\n\n\t\t\n\t\t\t\t\t\t\t<a href=\"https:\/\/turkevo.com\/service\/\" class=\"main-link\">\n\t\t\t\t\t\t\t<span class=\"h-text main-term-4\">\n\t\t\t\t\t\t\t\tServislerimiz\t\t\t\t\t\t\t<\/span>\n\t\t\t\t<\/a>\n\t\t\t\n\t\t\n\t\t<\/h3>\n\t\t\t<div class=\"listing listing-classic listing-classic-2 clearfix  columns-3\">\n\t\t<article class=\"post-286 type-post format-standard has-post-thumbnail   listing-item listing-item-classic listing-item-classic-2  main-term-26 bsw-5 \">\n\t<div class=\"listing-inner item-inner\">\n\t\t\t\t\t<div class=\"featured clearfix\">\n\t\t\t\t\t\t\t\t<a  title=\"T\u00fcrkiye&#8217;den tedarik ve sat\u0131n alma\" data-src=\"https:\/\/turkevo.com\/wp-content\/uploads\/2022\/07\/achat-750x430.jpg\" data-bs-srcset=\"{&quot;baseurl&quot;:&quot;https:\\\/\\\/turkevo.com\\\/wp-content\\\/uploads\\\/2022\\\/07\\\/&quot;,&quot;sizes&quot;:{&quot;210&quot;:&quot;achat-210x136.jpg&quot;,&quot;279&quot;:&quot;achat-279x220.jpg&quot;,&quot;357&quot;:&quot;achat-357x210.jpg&quot;,&quot;750&quot;:&quot;achat-750x430.jpg&quot;,&quot;1920&quot;:&quot;achat.jpg&quot;}}\"\t\t\t\t\t\tclass=\"img-holder\" href=\"https:\/\/turkevo.com\/tr\/turkiyeden-tedarik-ve-satin-alma\/\"><\/a>\n\t\t\t\t\t\t\t<\/div>\n\t\t<h2 class=\"title\">\t\t<a href=\"https:\/\/turkevo.com\/tr\/turkiyeden-tedarik-ve-satin-alma\/\" class=\"post-title post-url\">\n\t\t\tT\u00fcrkiye&#8217;den tedarik ve sat\u0131n alma\t\t<\/a>\n\t\t<\/h2>\t\t\t\t\t<div class=\"post-summary\">\n\t\t\t\tHammadde, yar\u0131 mamul ve bitmi\u015f \u00fcr\u00fcnleri rekabet\u00e7i fiyatlarla tedarik ediyoruz\t\t\t<\/div>\n\t\t\t\t\t<a class=\"read-more\"\n\t\t\t   href=\"https:\/\/turkevo.com\/tr\/turkiyeden-tedarik-ve-satin-alma\/\">Daha fazla oku...<\/a>\n\t\t\t\t<\/div>\n\t<\/article >\n\t<article class=\"post-275 type-post format-standard has-post-thumbnail   listing-item listing-item-classic listing-item-classic-2  main-term-26 bsw-5 \">\n\t<div class=\"listing-inner item-inner\">\n\t\t\t\t\t<div class=\"featured clearfix\">\n\t\t\t\t\t\t\t\t<a  title=\"\u00dcr\u00fcn kalite y\u00f6netimi\" data-src=\"https:\/\/turkevo.com\/wp-content\/uploads\/2022\/07\/control-750x430.jpg\" data-bs-srcset=\"{&quot;baseurl&quot;:&quot;https:\\\/\\\/turkevo.com\\\/wp-content\\\/uploads\\\/2022\\\/07\\\/&quot;,&quot;sizes&quot;:{&quot;210&quot;:&quot;control-210x136.jpg&quot;,&quot;279&quot;:&quot;control-279x220.jpg&quot;,&quot;357&quot;:&quot;control-357x210.jpg&quot;,&quot;750&quot;:&quot;control-750x430.jpg&quot;,&quot;1920&quot;:&quot;control.jpg&quot;}}\"\t\t\t\t\t\tclass=\"img-holder\" href=\"https:\/\/turkevo.com\/tr\/urun-kalite-yonetimi\/\"><\/a>\n\t\t\t\t\t\t\t<\/div>\n\t\t<h2 class=\"title\">\t\t<a href=\"https:\/\/turkevo.com\/tr\/urun-kalite-yonetimi\/\" class=\"post-title post-url\">\n\t\t\t\u00dcr\u00fcn kalite y\u00f6netimi\t\t<\/a>\n\t\t<\/h2>\t\t\t\t\t<div class=\"post-summary\">\n\t\t\t\t\u0130zleme sistemimiz arac\u0131l\u0131\u011f\u0131yla, gerekli \u00f6zelliklere uyulmas\u0131n\u0131 sa\u011flar\u0131z.\t\t\t<\/div>\n\t\t\t\t\t<a class=\"read-more\"\n\t\t\t   href=\"https:\/\/turkevo.com\/tr\/urun-kalite-yonetimi\/\">Daha fazla oku...<\/a>\n\t\t\t\t<\/div>\n\t<\/article >\n\t<article class=\"post-271 type-post format-standard has-post-thumbnail   listing-item listing-item-classic listing-item-classic-2  main-term-26 bsw-5 \">\n\t<div class=\"listing-inner item-inner\">\n\t\t\t\t\t<div class=\"featured clearfix\">\n\t\t\t\t\t\t\t\t<a  title=\"T\u00fcrkiye&#8217;den sevkiyat ve ihracat\" data-src=\"https:\/\/turkevo.com\/wp-content\/uploads\/2022\/07\/Shipping-750x430.jpg\" data-bs-srcset=\"{&quot;baseurl&quot;:&quot;https:\\\/\\\/turkevo.com\\\/wp-content\\\/uploads\\\/2022\\\/07\\\/&quot;,&quot;sizes&quot;:{&quot;210&quot;:&quot;Shipping-210x136.jpg&quot;,&quot;279&quot;:&quot;Shipping-279x220.jpg&quot;,&quot;357&quot;:&quot;Shipping-357x210.jpg&quot;,&quot;750&quot;:&quot;Shipping-750x430.jpg&quot;,&quot;1920&quot;:&quot;Shipping.jpg&quot;}}\"\t\t\t\t\t\tclass=\"img-holder\" href=\"https:\/\/turkevo.com\/tr\/turkiyeden-sevkiyat-ve-ihracat\/\"><\/a>\n\t\t\t\t\t\t\t<\/div>\n\t\t<h2 class=\"title\">\t\t<a href=\"https:\/\/turkevo.com\/tr\/turkiyeden-sevkiyat-ve-ihracat\/\" class=\"post-title post-url\">\n\t\t\tT\u00fcrkiye&#8217;den sevkiyat ve ihracat\t\t<\/a>\n\t\t<\/h2>\t\t\t\t\t<div class=\"post-summary\">\n\t\t\t\tNous prenons les dispositions n\u00e9cessaires pour exp\u00e9dier et exporter vos produits par voie terrestre,&hellip;\t\t\t<\/div>\n\t\t\t\t\t<a class=\"read-more\"\n\t\t\t   href=\"https:\/\/turkevo.com\/tr\/turkiyeden-sevkiyat-ve-ihracat\/\">Daha fazla oku...<\/a>\n\t\t\t\t<\/div>\n\t<\/article >\n\t<\/div>\n\t<\/div>[\/vc_column][\/vc_row][vc_row][vc_column]<div class=\"bscb-83948 bsb-have-heading-color bs-listing bs-listing-modern-grid-listing-6 bs-listing-single-tab\">\t\t<h3 class=\"section-heading sh-t3 sh-s7 main-term-5\">\n\n\t\t\n\t\t\t\t\t\t\t<a href=\"https:\/\/turkevo.com\/products\/\" class=\"main-link\">\n\t\t\t\t\t\t\t<span class=\"h-text main-term-5\">\n\t\t\t\t\t\t\t\t\u00dcr\u00fcnlerimiz\t\t\t\t\t\t\t<\/span>\n\t\t\t\t<\/a>\n\t\t\t\n\t\t\n\t\t<\/h3>\n\t\t\t<div class=\"listing listing-modern-grid listing-modern-grid-6 clearfix slider-overlay-simple-gr bsw-13\">\n\t\t\t\t<div class=\"mg-col mg-col-1\">\n\t\t\t\t<article class=\"post-258 type-post format-standard has-post-thumbnail  listing-item-1 listing-item listing-mg-item listing-mg-6-item listing-mg-type-1 main-term-27\">\n\t<div class=\"item-content\">\n\t\t<a  title=\"T\u00fcrkiye&#8217;den Mutfak Gere\u00e7leri \u00fcr\u00fcn\u00fc tedarik etmek\" data-src=\"https:\/\/turkevo.com\/wp-content\/uploads\/2022\/07\/kit-750x430.webp\" data-bs-srcset=\"{&quot;baseurl&quot;:&quot;https:\\\/\\\/turkevo.com\\\/wp-content\\\/uploads\\\/2022\\\/07\\\/&quot;,&quot;sizes&quot;:{&quot;210&quot;:&quot;kit-210x136.webp&quot;,&quot;279&quot;:&quot;kit-279x220.webp&quot;,&quot;357&quot;:&quot;kit-357x210.webp&quot;,&quot;750&quot;:&quot;kit-750x430.webp&quot;,&quot;1512&quot;:&quot;kit.webp&quot;}}\"\t\t\t\tclass=\"img-cont\" href=\"https:\/\/turkevo.com\/tr\/turkiyeden-mutfak-gerecleri-urunu-tedarik-etmek\/\"><\/a>\n\t\t\t\t<div class=\"content-container\">\n\t\t\t<h2 class=\"title\">\t\t\t<a href=\"https:\/\/turkevo.com\/tr\/turkiyeden-mutfak-gerecleri-urunu-tedarik-etmek\/\" class=\"post-url post-title\">\n\t\t\t\tT\u00fcrkiye&#8217;den Mutfak Gere\u00e7leri \u00fcr\u00fcn\u00fc tedarik etmek\t\t\t<\/a>\n\t\t\t<\/h2>\t\t<\/div>\n\t<\/div>\n\t<\/article >\n\t<article class=\"post-262 type-post format-standard has-post-thumbnail  listing-item-1 listing-item listing-mg-item listing-mg-6-item listing-mg-type-1 main-term-27\">\n\t<div class=\"item-content\">\n\t\t<a  title=\"T\u00fcrkiye&#8217;den boya ve kaplama \u00fcr\u00fcn\u00fc tedarik etmek\" data-src=\"https:\/\/turkevo.com\/wp-content\/uploads\/2022\/07\/paint-750x430.jpg\" data-bs-srcset=\"{&quot;baseurl&quot;:&quot;https:\\\/\\\/turkevo.com\\\/wp-content\\\/uploads\\\/2022\\\/07\\\/&quot;,&quot;sizes&quot;:{&quot;210&quot;:&quot;paint-210x136.jpg&quot;,&quot;279&quot;:&quot;paint-279x220.jpg&quot;,&quot;357&quot;:&quot;paint-357x210.jpg&quot;,&quot;750&quot;:&quot;paint-750x430.jpg&quot;,&quot;1536&quot;:&quot;paint.jpg&quot;}}\"\t\t\t\tclass=\"img-cont\" href=\"https:\/\/turkevo.com\/tr\/turkiyeden-boya-ve-kaplama-urunu-tedarik-etmek\/\"><\/a>\n\t\t\t\t<div class=\"content-container\">\n\t\t\t<h2 class=\"title\">\t\t\t<a href=\"https:\/\/turkevo.com\/tr\/turkiyeden-boya-ve-kaplama-urunu-tedarik-etmek\/\" class=\"post-url post-title\">\n\t\t\t\tT\u00fcrkiye&#8217;den boya ve kaplama \u00fcr\u00fcn\u00fc tedarik etmek\t\t\t<\/a>\n\t\t\t<\/h2>\t\t<\/div>\n\t<\/div>\n\t<\/article >\n\t\t<\/div>\n\t\t<div class=\"mg-col mg-col-2\">\n\t\t\t\t<article class=\"post-260 type-post format-standard has-post-thumbnail  listing-item-2 listing-item listing-mg-item listing-mg-6-item listing-mg-type-1 main-term-27\">\n\t<div class=\"item-content\">\n\t\t<a  title=\"T\u00fcrkiye&#8217;den Ambalaj Tedarik ve Sat\u0131n Alma\" data-src=\"https:\/\/turkevo.com\/wp-content\/uploads\/2022\/07\/Packaging-1-750x430.jpg\" data-bs-srcset=\"{&quot;baseurl&quot;:&quot;https:\\\/\\\/turkevo.com\\\/wp-content\\\/uploads\\\/2022\\\/07\\\/&quot;,&quot;sizes&quot;:{&quot;210&quot;:&quot;Packaging-1-210x136.jpg&quot;,&quot;279&quot;:&quot;Packaging-1-279x220.jpg&quot;,&quot;357&quot;:&quot;Packaging-1-357x210.jpg&quot;,&quot;750&quot;:&quot;Packaging-1-750x430.jpg&quot;,&quot;2500&quot;:&quot;Packaging-1.jpg&quot;}}\"\t\t\t\tclass=\"img-cont\" href=\"https:\/\/turkevo.com\/tr\/turkiyeden-ambalaj-tedarik-ve-satin-alma\/\"><\/a>\n\t\t\t\t<div class=\"content-container\">\n\t\t\t<h2 class=\"title\">\t\t\t<a href=\"https:\/\/turkevo.com\/tr\/turkiyeden-ambalaj-tedarik-ve-satin-alma\/\" class=\"post-url post-title\">\n\t\t\t\tT\u00fcrkiye&#8217;den Ambalaj Tedarik ve Sat\u0131n Alma\t\t\t<\/a>\n\t\t\t<\/h2>\t\t<\/div>\n\t<\/div>\n\t<\/article >\n\t<article class=\"post-264 type-post format-standard has-post-thumbnail  listing-item-2 listing-item listing-mg-item listing-mg-6-item listing-mg-type-1 main-term-27\">\n\t<div class=\"item-content\">\n\t\t<a  title=\"T\u00fcrkiye&#8217;den makine temini ve sat\u0131nalma\" data-src=\"https:\/\/turkevo.com\/wp-content\/uploads\/2022\/07\/Machinery-750x430.jpg\" data-bs-srcset=\"{&quot;baseurl&quot;:&quot;https:\\\/\\\/turkevo.com\\\/wp-content\\\/uploads\\\/2022\\\/07\\\/&quot;,&quot;sizes&quot;:{&quot;210&quot;:&quot;Machinery-210x136.jpg&quot;,&quot;279&quot;:&quot;Machinery-279x220.jpg&quot;,&quot;357&quot;:&quot;Machinery-357x210.jpg&quot;,&quot;750&quot;:&quot;Machinery-750x430.jpg&quot;,&quot;1920&quot;:&quot;Machinery.jpg&quot;}}\"\t\t\t\tclass=\"img-cont\" href=\"https:\/\/turkevo.com\/tr\/turkiyeden-makine-temini-ve-satinalma\/\"><\/a>\n\t\t\t\t<div class=\"content-container\">\n\t\t\t<h2 class=\"title\">\t\t\t<a href=\"https:\/\/turkevo.com\/tr\/turkiyeden-makine-temini-ve-satinalma\/\" class=\"post-url post-title\">\n\t\t\t\tT\u00fcrkiye&#8217;den makine temini ve sat\u0131nalma\t\t\t<\/a>\n\t\t\t<\/h2>\t\t<\/div>\n\t<\/div>\n\t<\/article >\n\t\t<\/div>\n\t<\/div>\n<\/div>[\/vc_column][\/vc_row]<\/p>\n<\/div>","protected":false},"excerpt":{"rendered":"<p>[vc_row][vc_column][\/vc_column][\/vc_row][vc_row][vc_column][vc_message message_box_color=&#8221;blue&#8221; icon_fontawesome=&#8221;far fa-hand-point-right&#8221;] T\u00fcrkiye&#8217;den m\u00fckemmel kalitede \u00fcr\u00fcnleri g\u00fcvenle sat\u0131n alman\u0131za yard\u0131mc\u0131 olmak i\u00e7in buraday\u0131z. [\/vc_message][\/vc_column][\/vc_row][vc_row][vc_column][\/vc_column][\/vc_row][vc_row][vc_column][\/vc_column][\/vc_row]<\/p>\n","protected":false},"author":1,"featured_media":394,"parent":0,"menu_order":0,"comment_status":"closed","ping_status":"closed","template":"","meta":{"footnotes":""},"class_list":["post-393","page","type-page","status-publish","has-post-thumbnail","hentry"],"yoast_head":"<!-- This site is optimized with the Yoast SEO plugin v27.5 - https:\/\/yoast.com\/product\/yoast-seo-wordpress\/ -->\n<title>Turkevo : T\u00fcrkiye&#039;den kolay tedarik &gt;&gt; Tasnim Labidi &lt;&lt;<\/title>\n<meta name=\"description\" content=\"Turkevo - T\u00fcrkiye&#039;den g\u00fcvenli ve kolay tedarik. T\u00fcrkiye&#039;den \u00fcr\u00fcn ve makine alman\u0131n en kolay yolu g\u00f6n\u00fcl rahatl\u0131\u011f\u0131 ile.\" \/>\n<meta name=\"robots\" content=\"index, follow, max-snippet:-1, max-image-preview:large, max-video-preview:-1\" \/>\n<link rel=\"canonical\" href=\"https:\/\/turkevo.com\/tr\/\" \/>\n<meta property=\"og:locale\" content=\"tr_TR\" \/>\n<meta property=\"og:type\" content=\"article\" \/>\n<meta property=\"og:title\" content=\"Turkevo : T\u00fcrkiye&#039;den kolay tedarik &gt;&gt; Tasnim Labidi &lt;&lt;\" \/>\n<meta property=\"og:description\" content=\"Turkevo - T\u00fcrkiye&#039;den g\u00fcvenli ve kolay tedarik. T\u00fcrkiye&#039;den \u00fcr\u00fcn ve makine alman\u0131n en kolay yolu g\u00f6n\u00fcl rahatl\u0131\u011f\u0131 ile.\" \/>\n<meta property=\"og:url\" content=\"https:\/\/turkevo.com\/tr\/\" \/>\n<meta property=\"og:site_name\" content=\"Turkevo\" \/>\n<meta property=\"article:modified_time\" content=\"2022-07-31T14:30:31+00:00\" \/>\n<meta property=\"og:image\" content=\"http:\/\/turkevo.com\/wp-content\/uploads\/2022\/07\/Turkevo-Turkiyeden-kolay-tedarik-Tasnim-Labidi.png\" \/>\n\t<meta property=\"og:image:width\" content=\"1920\" \/>\n\t<meta property=\"og:image:height\" content=\"1080\" \/>\n\t<meta property=\"og:image:type\" content=\"image\/png\" \/>\n<meta name=\"twitter:card\" content=\"summary_large_image\" \/>\n<meta name=\"twitter:label1\" content=\"Tahmini okuma s\u00fcresi\" \/>\n\t<meta name=\"twitter:data1\" content=\"1 dakika\" \/>\n<script type=\"application\/ld+json\" class=\"yoast-schema-graph\">{\"@context\":\"https:\\\/\\\/schema.org\",\"@graph\":[{\"@type\":\"WebPage\",\"@id\":\"https:\\\/\\\/turkevo.com\\\/tr\\\/\",\"url\":\"https:\\\/\\\/turkevo.com\\\/tr\\\/\",\"name\":\"Turkevo : T\u00fcrkiye'den kolay tedarik >> Tasnim Labidi &lt;&lt;\",\"isPartOf\":{\"@id\":\"https:\\\/\\\/turkevo.com\\\/tr\\\/#website\"},\"primaryImageOfPage\":{\"@id\":\"https:\\\/\\\/turkevo.com\\\/tr\\\/#primaryimage\"},\"image\":{\"@id\":\"https:\\\/\\\/turkevo.com\\\/tr\\\/#primaryimage\"},\"thumbnailUrl\":\"https:\\\/\\\/turkevo.com\\\/wp-content\\\/uploads\\\/2022\\\/07\\\/Turkevo-Turkiyeden-kolay-tedarik-Tasnim-Labidi.png\",\"datePublished\":\"2022-07-11T14:11:28+00:00\",\"dateModified\":\"2022-07-31T14:30:31+00:00\",\"description\":\"Turkevo - T\u00fcrkiye'den g\u00fcvenli ve kolay tedarik. T\u00fcrkiye'den \u00fcr\u00fcn ve makine alman\u0131n en kolay yolu g\u00f6n\u00fcl rahatl\u0131\u011f\u0131 ile.\",\"breadcrumb\":{\"@id\":\"https:\\\/\\\/turkevo.com\\\/tr\\\/#breadcrumb\"},\"inLanguage\":\"tr\",\"potentialAction\":[{\"@type\":\"ReadAction\",\"target\":[\"https:\\\/\\\/turkevo.com\\\/tr\\\/\"]}]},{\"@type\":\"ImageObject\",\"inLanguage\":\"tr\",\"@id\":\"https:\\\/\\\/turkevo.com\\\/tr\\\/#primaryimage\",\"url\":\"https:\\\/\\\/turkevo.com\\\/wp-content\\\/uploads\\\/2022\\\/07\\\/Turkevo-Turkiyeden-kolay-tedarik-Tasnim-Labidi.png\",\"contentUrl\":\"https:\\\/\\\/turkevo.com\\\/wp-content\\\/uploads\\\/2022\\\/07\\\/Turkevo-Turkiyeden-kolay-tedarik-Tasnim-Labidi.png\",\"width\":1920,\"height\":1080,\"caption\":\"Turkevo - T\u00fcrkiye'den kolay tedarik - Tasnim Labidi\"},{\"@type\":\"BreadcrumbList\",\"@id\":\"https:\\\/\\\/turkevo.com\\\/tr\\\/#breadcrumb\",\"itemListElement\":[{\"@type\":\"ListItem\",\"position\":1,\"name\":\"Home\",\"item\":\"https:\\\/\\\/turkevo.com\\\/tr\\\/\"},{\"@type\":\"ListItem\",\"position\":2,\"name\":\"Turkevo : T\u00fcrkiye&#8217;den kolay tedarik >> Tasnim Labidi\"}]},{\"@type\":\"WebSite\",\"@id\":\"https:\\\/\\\/turkevo.com\\\/tr\\\/#website\",\"url\":\"https:\\\/\\\/turkevo.com\\\/tr\\\/\",\"name\":\"Turkevo\",\"description\":\"Easy sourcing from Turkey &gt;&gt; Tasnim Laabidi\",\"publisher\":{\"@id\":\"https:\\\/\\\/turkevo.com\\\/tr\\\/#organization\"},\"potentialAction\":[{\"@type\":\"SearchAction\",\"target\":{\"@type\":\"EntryPoint\",\"urlTemplate\":\"https:\\\/\\\/turkevo.com\\\/tr\\\/?s={search_term_string}\"},\"query-input\":{\"@type\":\"PropertyValueSpecification\",\"valueRequired\":true,\"valueName\":\"search_term_string\"}}],\"inLanguage\":\"tr\"},{\"@type\":\"Organization\",\"@id\":\"https:\\\/\\\/turkevo.com\\\/tr\\\/#organization\",\"name\":\"Turkevo\",\"url\":\"https:\\\/\\\/turkevo.com\\\/tr\\\/\",\"logo\":{\"@type\":\"ImageObject\",\"inLanguage\":\"tr\",\"@id\":\"https:\\\/\\\/turkevo.com\\\/tr\\\/#\\\/schema\\\/logo\\\/image\\\/\",\"url\":\"https:\\\/\\\/turkevo.com\\\/wp-content\\\/uploads\\\/2022\\\/07\\\/Favicon-Turkevo.png\",\"contentUrl\":\"https:\\\/\\\/turkevo.com\\\/wp-content\\\/uploads\\\/2022\\\/07\\\/Favicon-Turkevo.png\",\"width\":512,\"height\":512,\"caption\":\"Turkevo\"},\"image\":{\"@id\":\"https:\\\/\\\/turkevo.com\\\/tr\\\/#\\\/schema\\\/logo\\\/image\\\/\"}}]}<\/script>\n<!-- \/ Yoast SEO plugin. -->","yoast_head_json":{"title":"Turkevo : T\u00fcrkiye'den kolay tedarik >> Tasnim Labidi &lt;&lt;","description":"Turkevo - T\u00fcrkiye'den g\u00fcvenli ve kolay tedarik. T\u00fcrkiye'den \u00fcr\u00fcn ve makine alman\u0131n en kolay yolu g\u00f6n\u00fcl rahatl\u0131\u011f\u0131 ile.","robots":{"index":"index","follow":"follow","max-snippet":"max-snippet:-1","max-image-preview":"max-image-preview:large","max-video-preview":"max-video-preview:-1"},"canonical":"https:\/\/turkevo.com\/tr\/","og_locale":"tr_TR","og_type":"article","og_title":"Turkevo : T\u00fcrkiye'den kolay tedarik >> Tasnim Labidi &lt;&lt;","og_description":"Turkevo - T\u00fcrkiye'den g\u00fcvenli ve kolay tedarik. T\u00fcrkiye'den \u00fcr\u00fcn ve makine alman\u0131n en kolay yolu g\u00f6n\u00fcl rahatl\u0131\u011f\u0131 ile.","og_url":"https:\/\/turkevo.com\/tr\/","og_site_name":"Turkevo","article_modified_time":"2022-07-31T14:30:31+00:00","og_image":[{"width":1920,"height":1080,"url":"http:\/\/turkevo.com\/wp-content\/uploads\/2022\/07\/Turkevo-Turkiyeden-kolay-tedarik-Tasnim-Labidi.png","type":"image\/png"}],"twitter_card":"summary_large_image","twitter_misc":{"Tahmini okuma s\u00fcresi":"1 dakika"},"schema":{"@context":"https:\/\/schema.org","@graph":[{"@type":"WebPage","@id":"https:\/\/turkevo.com\/tr\/","url":"https:\/\/turkevo.com\/tr\/","name":"Turkevo : T\u00fcrkiye'den kolay tedarik >> Tasnim Labidi &lt;&lt;","isPartOf":{"@id":"https:\/\/turkevo.com\/tr\/#website"},"primaryImageOfPage":{"@id":"https:\/\/turkevo.com\/tr\/#primaryimage"},"image":{"@id":"https:\/\/turkevo.com\/tr\/#primaryimage"},"thumbnailUrl":"https:\/\/turkevo.com\/wp-content\/uploads\/2022\/07\/Turkevo-Turkiyeden-kolay-tedarik-Tasnim-Labidi.png","datePublished":"2022-07-11T14:11:28+00:00","dateModified":"2022-07-31T14:30:31+00:00","description":"Turkevo - T\u00fcrkiye'den g\u00fcvenli ve kolay tedarik. T\u00fcrkiye'den \u00fcr\u00fcn ve makine alman\u0131n en kolay yolu g\u00f6n\u00fcl rahatl\u0131\u011f\u0131 ile.","breadcrumb":{"@id":"https:\/\/turkevo.com\/tr\/#breadcrumb"},"inLanguage":"tr","potentialAction":[{"@type":"ReadAction","target":["https:\/\/turkevo.com\/tr\/"]}]},{"@type":"ImageObject","inLanguage":"tr","@id":"https:\/\/turkevo.com\/tr\/#primaryimage","url":"https:\/\/turkevo.com\/wp-content\/uploads\/2022\/07\/Turkevo-Turkiyeden-kolay-tedarik-Tasnim-Labidi.png","contentUrl":"https:\/\/turkevo.com\/wp-content\/uploads\/2022\/07\/Turkevo-Turkiyeden-kolay-tedarik-Tasnim-Labidi.png","width":1920,"height":1080,"caption":"Turkevo - T\u00fcrkiye'den kolay tedarik - Tasnim Labidi"},{"@type":"BreadcrumbList","@id":"https:\/\/turkevo.com\/tr\/#breadcrumb","itemListElement":[{"@type":"ListItem","position":1,"name":"Home","item":"https:\/\/turkevo.com\/tr\/"},{"@type":"ListItem","position":2,"name":"Turkevo : T\u00fcrkiye&#8217;den kolay tedarik >> Tasnim Labidi"}]},{"@type":"WebSite","@id":"https:\/\/turkevo.com\/tr\/#website","url":"https:\/\/turkevo.com\/tr\/","name":"Turkevo","description":"Easy sourcing from Turkey &gt;&gt; Tasnim Laabidi","publisher":{"@id":"https:\/\/turkevo.com\/tr\/#organization"},"potentialAction":[{"@type":"SearchAction","target":{"@type":"EntryPoint","urlTemplate":"https:\/\/turkevo.com\/tr\/?s={search_term_string}"},"query-input":{"@type":"PropertyValueSpecification","valueRequired":true,"valueName":"search_term_string"}}],"inLanguage":"tr"},{"@type":"Organization","@id":"https:\/\/turkevo.com\/tr\/#organization","name":"Turkevo","url":"https:\/\/turkevo.com\/tr\/","logo":{"@type":"ImageObject","inLanguage":"tr","@id":"https:\/\/turkevo.com\/tr\/#\/schema\/logo\/image\/","url":"https:\/\/turkevo.com\/wp-content\/uploads\/2022\/07\/Favicon-Turkevo.png","contentUrl":"https:\/\/turkevo.com\/wp-content\/uploads\/2022\/07\/Favicon-Turkevo.png","width":512,"height":512,"caption":"Turkevo"},"image":{"@id":"https:\/\/turkevo.com\/tr\/#\/schema\/logo\/image\/"}}]}},"jetpack_sharing_enabled":true,"_links":{"self":[{"href":"https:\/\/turkevo.com\/tr\/wp-json\/wp\/v2\/pages\/393","targetHints":{"allow":["GET"]}}],"collection":[{"href":"https:\/\/turkevo.com\/tr\/wp-json\/wp\/v2\/pages"}],"about":[{"href":"https:\/\/turkevo.com\/tr\/wp-json\/wp\/v2\/types\/page"}],"author":[{"embeddable":true,"href":"https:\/\/turkevo.com\/tr\/wp-json\/wp\/v2\/users\/1"}],"replies":[{"embeddable":true,"href":"https:\/\/turkevo.com\/tr\/wp-json\/wp\/v2\/comments?post=393"}],"version-history":[{"count":0,"href":"https:\/\/turkevo.com\/tr\/wp-json\/wp\/v2\/pages\/393\/revisions"}],"wp:featuredmedia":[{"embeddable":true,"href":"https:\/\/turkevo.com\/tr\/wp-json\/wp\/v2\/media\/394"}],"wp:attachment":[{"href":"https:\/\/turkevo.com\/tr\/wp-json\/wp\/v2\/media?parent=393"}],"curies":[{"name":"wp","href":"https:\/\/api.w.org\/{rel}","templated":true}]}}